{"id":423,"date":"2022-07-27T09:50:00","date_gmt":"2022-07-27T09:50:00","guid":{"rendered":"http:\/\/dev.zalle.work\/yawo-services\/?page_id=423"},"modified":"2024-05-16T08:56:11","modified_gmt":"2024-05-16T08:56:11","slug":"fii-colegul-nostru","status":"publish","type":"page","link":"https:\/\/yawo-services.com\/ro\/fii-colegul-nostru\/","title":{"rendered":"Ne m\u0103rim echipa constant, vrei s\u0103 discut\u0103m?"},"content":{"rendered":"","protected":false},"excerpt":{"rendered":"","protected":false},"author":1,"featured_media":0,"parent":0,"menu_order":0,"comment_status":"closed","ping_status":"closed","template":"","meta":{"inline_featured_image":false,"footnotes":""},"class_list":["post-423","page","type-page","status-publish","hentry"],"yoast_head":"<!-- This site is optimized with the Yoast SEO plugin v27.1.1 - https:\/\/yoast.com\/product\/yoast-seo-wordpress\/ -->\n<title>Ne m\u0103rim echipa constant, vrei s\u0103 discut\u0103m? - Yawo Services<\/title>\n<meta name=\"robots\" content=\"index, follow, max-snippet:-1, max-image-preview:large, max-video-preview:-1\" \/>\n<link rel=\"canonical\" href=\"https:\/\/yawo-services.com\/ro\/fii-colegul-nostru\/\" \/>\n<meta property=\"og:locale\" content=\"ro_RO\" \/>\n<meta property=\"og:type\" content=\"article\" \/>\n<meta property=\"og:title\" content=\"Ne m\u0103rim echipa constant, vrei s\u0103 discut\u0103m? - Yawo Services\" \/>\n<meta property=\"og:url\" content=\"https:\/\/yawo-services.com\/ro\/fii-colegul-nostru\/\" \/>\n<meta property=\"og:site_name\" content=\"Yawo Services\" \/>\n<meta property=\"article:publisher\" content=\"https:\/\/www.facebook.com\/yawoservices?locale=ro_RO\" \/>\n<meta property=\"article:modified_time\" content=\"2024-05-16T08:56:11+00:00\" \/>\n<meta name=\"twitter:card\" content=\"summary_large_image\" \/>\n<script type=\"application\/ld+json\" class=\"yoast-schema-graph\">{\"@context\":\"https:\/\/schema.org\",\"@graph\":[{\"@type\":\"WebPage\",\"@id\":\"https:\/\/yawo-services.com\/ro\/fii-colegul-nostru\/\",\"url\":\"https:\/\/yawo-services.com\/ro\/fii-colegul-nostru\/\",\"name\":\"Ne m\u0103rim echipa constant, vrei s\u0103 discut\u0103m? - Yawo Services\",\"isPartOf\":{\"@id\":\"https:\/\/yawo-services.com\/ro\/#website\"},\"datePublished\":\"2022-07-27T09:50:00+00:00\",\"dateModified\":\"2024-05-16T08:56:11+00:00\",\"breadcrumb\":{\"@id\":\"https:\/\/yawo-services.com\/ro\/fii-colegul-nostru\/#breadcrumb\"},\"inLanguage\":\"ro-RO\",\"potentialAction\":[{\"@type\":\"ReadAction\",\"target\":[\"https:\/\/yawo-services.com\/ro\/fii-colegul-nostru\/\"]}]},{\"@type\":\"BreadcrumbList\",\"@id\":\"https:\/\/yawo-services.com\/ro\/fii-colegul-nostru\/#breadcrumb\",\"itemListElement\":[{\"@type\":\"ListItem\",\"position\":1,\"name\":\"Prima pagin\u0103\",\"item\":\"https:\/\/yawo-services.com\/ro\/\"},{\"@type\":\"ListItem\",\"position\":2,\"name\":\"Ne m\u0103rim echipa constant, vrei s\u0103 discut\u0103m?\"}]},{\"@type\":\"WebSite\",\"@id\":\"https:\/\/yawo-services.com\/ro\/#website\",\"url\":\"https:\/\/yawo-services.com\/ro\/\",\"name\":\"Yawo Services\",\"description\":\"Servicii de transport marf\u0103 rapide \u0219i sigure\",\"publisher\":{\"@id\":\"https:\/\/yawo-services.com\/ro\/#organization\"},\"potentialAction\":[{\"@type\":\"SearchAction\",\"target\":{\"@type\":\"EntryPoint\",\"urlTemplate\":\"https:\/\/yawo-services.com\/ro\/?s={search_term_string}\"},\"query-input\":{\"@type\":\"PropertyValueSpecification\",\"valueRequired\":true,\"valueName\":\"search_term_string\"}}],\"inLanguage\":\"ro-RO\"},{\"@type\":\"Organization\",\"@id\":\"https:\/\/yawo-services.com\/ro\/#organization\",\"name\":\"Yawo Services\",\"url\":\"https:\/\/yawo-services.com\/ro\/\",\"logo\":{\"@type\":\"ImageObject\",\"inLanguage\":\"ro-RO\",\"@id\":\"https:\/\/yawo-services.com\/ro\/#\/schema\/logo\/image\/\",\"url\":\"https:\/\/yawo-services.com\/wp-content\/uploads\/2024\/01\/YWS_Logo_RB_FullColor_FullElements.png\",\"contentUrl\":\"https:\/\/yawo-services.com\/wp-content\/uploads\/2024\/01\/YWS_Logo_RB_FullColor_FullElements.png\",\"width\":1800,\"height\":2140,\"caption\":\"Yawo Services\"},\"image\":{\"@id\":\"https:\/\/yawo-services.com\/ro\/#\/schema\/logo\/image\/\"},\"sameAs\":[\"https:\/\/www.facebook.com\/yawoservices?locale=ro_RO\",\"https:\/\/www.linkedin.com\/company\/yawo-services\/\"]}]}<\/script>\n<!-- \/ Yoast SEO plugin. -->","yoast_head_json":{"title":"Ne m\u0103rim echipa constant, vrei s\u0103 discut\u0103m? - Yawo Services","robots":{"index":"index","follow":"follow","max-snippet":"max-snippet:-1","max-image-preview":"max-image-preview:large","max-video-preview":"max-video-preview:-1"},"canonical":"https:\/\/yawo-services.com\/ro\/fii-colegul-nostru\/","og_locale":"ro_RO","og_type":"article","og_title":"Ne m\u0103rim echipa constant, vrei s\u0103 discut\u0103m? - Yawo Services","og_url":"https:\/\/yawo-services.com\/ro\/fii-colegul-nostru\/","og_site_name":"Yawo Services","article_publisher":"https:\/\/www.facebook.com\/yawoservices?locale=ro_RO","article_modified_time":"2024-05-16T08:56:11+00:00","twitter_card":"summary_large_image","schema":{"@context":"https:\/\/schema.org","@graph":[{"@type":"WebPage","@id":"https:\/\/yawo-services.com\/ro\/fii-colegul-nostru\/","url":"https:\/\/yawo-services.com\/ro\/fii-colegul-nostru\/","name":"Ne m\u0103rim echipa constant, vrei s\u0103 discut\u0103m? - Yawo Services","isPartOf":{"@id":"https:\/\/yawo-services.com\/ro\/#website"},"datePublished":"2022-07-27T09:50:00+00:00","dateModified":"2024-05-16T08:56:11+00:00","breadcrumb":{"@id":"https:\/\/yawo-services.com\/ro\/fii-colegul-nostru\/#breadcrumb"},"inLanguage":"ro-RO","potentialAction":[{"@type":"ReadAction","target":["https:\/\/yawo-services.com\/ro\/fii-colegul-nostru\/"]}]},{"@type":"BreadcrumbList","@id":"https:\/\/yawo-services.com\/ro\/fii-colegul-nostru\/#breadcrumb","itemListElement":[{"@type":"ListItem","position":1,"name":"Prima pagin\u0103","item":"https:\/\/yawo-services.com\/ro\/"},{"@type":"ListItem","position":2,"name":"Ne m\u0103rim echipa constant, vrei s\u0103 discut\u0103m?"}]},{"@type":"WebSite","@id":"https:\/\/yawo-services.com\/ro\/#website","url":"https:\/\/yawo-services.com\/ro\/","name":"Yawo Services","description":"Servicii de transport marf\u0103 rapide \u0219i sigure","publisher":{"@id":"https:\/\/yawo-services.com\/ro\/#organization"},"potentialAction":[{"@type":"SearchAction","target":{"@type":"EntryPoint","urlTemplate":"https:\/\/yawo-services.com\/ro\/?s={search_term_string}"},"query-input":{"@type":"PropertyValueSpecification","valueRequired":true,"valueName":"search_term_string"}}],"inLanguage":"ro-RO"},{"@type":"Organization","@id":"https:\/\/yawo-services.com\/ro\/#organization","name":"Yawo Services","url":"https:\/\/yawo-services.com\/ro\/","logo":{"@type":"ImageObject","inLanguage":"ro-RO","@id":"https:\/\/yawo-services.com\/ro\/#\/schema\/logo\/image\/","url":"https:\/\/yawo-services.com\/wp-content\/uploads\/2024\/01\/YWS_Logo_RB_FullColor_FullElements.png","contentUrl":"https:\/\/yawo-services.com\/wp-content\/uploads\/2024\/01\/YWS_Logo_RB_FullColor_FullElements.png","width":1800,"height":2140,"caption":"Yawo Services"},"image":{"@id":"https:\/\/yawo-services.com\/ro\/#\/schema\/logo\/image\/"},"sameAs":["https:\/\/www.facebook.com\/yawoservices?locale=ro_RO","https:\/\/www.linkedin.com\/company\/yawo-services\/"]}]}},"_links":{"self":[{"href":"https:\/\/yawo-services.com\/ro\/wp-json\/wp\/v2\/pages\/423","targetHints":{"allow":["GET"]}}],"collection":[{"href":"https:\/\/yawo-services.com\/ro\/wp-json\/wp\/v2\/pages"}],"about":[{"href":"https:\/\/yawo-services.com\/ro\/wp-json\/wp\/v2\/types\/page"}],"author":[{"embeddable":true,"href":"https:\/\/yawo-services.com\/ro\/wp-json\/wp\/v2\/users\/1"}],"replies":[{"embeddable":true,"href":"https:\/\/yawo-services.com\/ro\/wp-json\/wp\/v2\/comments?post=423"}],"version-history":[{"count":4,"href":"https:\/\/yawo-services.com\/ro\/wp-json\/wp\/v2\/pages\/423\/revisions"}],"predecessor-version":[{"id":1105,"href":"https:\/\/yawo-services.com\/ro\/wp-json\/wp\/v2\/pages\/423\/revisions\/1105"}],"wp:attachment":[{"href":"https:\/\/yawo-services.com\/ro\/wp-json\/wp\/v2\/media?parent=423"}],"curies":[{"name":"wp","href":"https:\/\/api.w.org\/{rel}","templated":true}]}}