{"id":974,"date":"2022-08-21T05:29:38","date_gmt":"2022-08-21T05:29:38","guid":{"rendered":"http:\/\/dev.zalle.work\/yawo-services\/?page_id=974"},"modified":"2022-09-08T12:14:03","modified_gmt":"2022-09-08T12:14:03","slug":"transport-feroviar","status":"publish","type":"page","link":"https:\/\/yawo-services.com\/ro\/transport-feroviar\/","title":{"rendered":"Transport Feroviar"},"content":{"rendered":"","protected":false},"excerpt":{"rendered":"","protected":false},"author":1,"featured_media":0,"parent":0,"menu_order":0,"comment_status":"closed","ping_status":"closed","template":"","meta":{"inline_featured_image":false,"footnotes":""},"class_list":["post-974","page","type-page","status-publish","hentry"],"yoast_head":"<!-- This site is optimized with the Yoast SEO plugin v27.1.1 - https:\/\/yoast.com\/product\/yoast-seo-wordpress\/ -->\n<title>Transport Feroviar de Marf\u0103: Cu Trenul din China \u00een Europa - Yawo Services<\/title>\n<meta name=\"description\" content=\"Descoperi\u021bi avantajele serviciilor de transport feroviar de marf\u0103. Plec\u0103ri s\u0103pt\u0103m\u00e2nale din China \u0219i livrare p\u00e2n\u0103 la u\u0219\u0103 \u00een Rom\u00e2nia.\" \/>\n<meta name=\"robots\" content=\"index, follow, max-snippet:-1, max-image-preview:large, max-video-preview:-1\" \/>\n<link rel=\"canonical\" href=\"https:\/\/yawo-services.com\/ro\/transport-feroviar\/\" \/>\n<meta property=\"og:locale\" content=\"ro_RO\" \/>\n<meta property=\"og:type\" content=\"article\" \/>\n<meta property=\"og:title\" content=\"Transport Feroviar de Marf\u0103: Cu Trenul din China \u00een Europa - Yawo Services\" \/>\n<meta property=\"og:description\" content=\"Descoperi\u021bi avantajele serviciilor de transport feroviar de marf\u0103. Plec\u0103ri s\u0103pt\u0103m\u00e2nale din China \u0219i livrare p\u00e2n\u0103 la u\u0219\u0103 \u00een Rom\u00e2nia.\" \/>\n<meta property=\"og:url\" content=\"https:\/\/yawo-services.com\/ro\/transport-feroviar\/\" \/>\n<meta property=\"og:site_name\" content=\"Yawo Services\" \/>\n<meta property=\"article:publisher\" content=\"https:\/\/www.facebook.com\/yawoservices?locale=ro_RO\" \/>\n<meta property=\"article:modified_time\" content=\"2022-09-08T12:14:03+00:00\" \/>\n<meta name=\"twitter:card\" content=\"summary_large_image\" \/>\n<script type=\"application\/ld+json\" class=\"yoast-schema-graph\">{\"@context\":\"https:\/\/schema.org\",\"@graph\":[{\"@type\":\"WebPage\",\"@id\":\"https:\/\/yawo-services.com\/ro\/transport-feroviar\/\",\"url\":\"https:\/\/yawo-services.com\/ro\/transport-feroviar\/\",\"name\":\"Transport Feroviar de Marf\u0103: Cu Trenul din China \u00een Europa - Yawo Services\",\"isPartOf\":{\"@id\":\"https:\/\/yawo-services.com\/ro\/#website\"},\"datePublished\":\"2022-08-21T05:29:38+00:00\",\"dateModified\":\"2022-09-08T12:14:03+00:00\",\"description\":\"Descoperi\u021bi avantajele serviciilor de transport feroviar de marf\u0103. Plec\u0103ri s\u0103pt\u0103m\u00e2nale din China \u0219i livrare p\u00e2n\u0103 la u\u0219\u0103 \u00een Rom\u00e2nia.\",\"breadcrumb\":{\"@id\":\"https:\/\/yawo-services.com\/ro\/transport-feroviar\/#breadcrumb\"},\"inLanguage\":\"ro-RO\",\"potentialAction\":[{\"@type\":\"ReadAction\",\"target\":[\"https:\/\/yawo-services.com\/ro\/transport-feroviar\/\"]}]},{\"@type\":\"BreadcrumbList\",\"@id\":\"https:\/\/yawo-services.com\/ro\/transport-feroviar\/#breadcrumb\",\"itemListElement\":[{\"@type\":\"ListItem\",\"position\":1,\"name\":\"Prima pagin\u0103\",\"item\":\"https:\/\/yawo-services.com\/ro\/\"},{\"@type\":\"ListItem\",\"position\":2,\"name\":\"Transport Feroviar\"}]},{\"@type\":\"WebSite\",\"@id\":\"https:\/\/yawo-services.com\/ro\/#website\",\"url\":\"https:\/\/yawo-services.com\/ro\/\",\"name\":\"Yawo Services\",\"description\":\"Servicii de transport marf\u0103 rapide \u0219i sigure\",\"publisher\":{\"@id\":\"https:\/\/yawo-services.com\/ro\/#organization\"},\"potentialAction\":[{\"@type\":\"SearchAction\",\"target\":{\"@type\":\"EntryPoint\",\"urlTemplate\":\"https:\/\/yawo-services.com\/ro\/?s={search_term_string}\"},\"query-input\":{\"@type\":\"PropertyValueSpecification\",\"valueRequired\":true,\"valueName\":\"search_term_string\"}}],\"inLanguage\":\"ro-RO\"},{\"@type\":\"Organization\",\"@id\":\"https:\/\/yawo-services.com\/ro\/#organization\",\"name\":\"Yawo Services\",\"url\":\"https:\/\/yawo-services.com\/ro\/\",\"logo\":{\"@type\":\"ImageObject\",\"inLanguage\":\"ro-RO\",\"@id\":\"https:\/\/yawo-services.com\/ro\/#\/schema\/logo\/image\/\",\"url\":\"https:\/\/yawo-services.com\/wp-content\/uploads\/2024\/01\/YWS_Logo_RB_FullColor_FullElements.png\",\"contentUrl\":\"https:\/\/yawo-services.com\/wp-content\/uploads\/2024\/01\/YWS_Logo_RB_FullColor_FullElements.png\",\"width\":1800,\"height\":2140,\"caption\":\"Yawo Services\"},\"image\":{\"@id\":\"https:\/\/yawo-services.com\/ro\/#\/schema\/logo\/image\/\"},\"sameAs\":[\"https:\/\/www.facebook.com\/yawoservices?locale=ro_RO\",\"https:\/\/www.linkedin.com\/company\/yawo-services\/\"]}]}<\/script>\n<!-- \/ Yoast SEO plugin. -->","yoast_head_json":{"title":"Transport Feroviar de Marf\u0103: Cu Trenul din China \u00een Europa - Yawo Services","description":"Descoperi\u021bi avantajele serviciilor de transport feroviar de marf\u0103. Plec\u0103ri s\u0103pt\u0103m\u00e2nale din China \u0219i livrare p\u00e2n\u0103 la u\u0219\u0103 \u00een Rom\u00e2nia.","robots":{"index":"index","follow":"follow","max-snippet":"max-snippet:-1","max-image-preview":"max-image-preview:large","max-video-preview":"max-video-preview:-1"},"canonical":"https:\/\/yawo-services.com\/ro\/transport-feroviar\/","og_locale":"ro_RO","og_type":"article","og_title":"Transport Feroviar de Marf\u0103: Cu Trenul din China \u00een Europa - Yawo Services","og_description":"Descoperi\u021bi avantajele serviciilor de transport feroviar de marf\u0103. Plec\u0103ri s\u0103pt\u0103m\u00e2nale din China \u0219i livrare p\u00e2n\u0103 la u\u0219\u0103 \u00een Rom\u00e2nia.","og_url":"https:\/\/yawo-services.com\/ro\/transport-feroviar\/","og_site_name":"Yawo Services","article_publisher":"https:\/\/www.facebook.com\/yawoservices?locale=ro_RO","article_modified_time":"2022-09-08T12:14:03+00:00","twitter_card":"summary_large_image","schema":{"@context":"https:\/\/schema.org","@graph":[{"@type":"WebPage","@id":"https:\/\/yawo-services.com\/ro\/transport-feroviar\/","url":"https:\/\/yawo-services.com\/ro\/transport-feroviar\/","name":"Transport Feroviar de Marf\u0103: Cu Trenul din China \u00een Europa - Yawo Services","isPartOf":{"@id":"https:\/\/yawo-services.com\/ro\/#website"},"datePublished":"2022-08-21T05:29:38+00:00","dateModified":"2022-09-08T12:14:03+00:00","description":"Descoperi\u021bi avantajele serviciilor de transport feroviar de marf\u0103. Plec\u0103ri s\u0103pt\u0103m\u00e2nale din China \u0219i livrare p\u00e2n\u0103 la u\u0219\u0103 \u00een Rom\u00e2nia.","breadcrumb":{"@id":"https:\/\/yawo-services.com\/ro\/transport-feroviar\/#breadcrumb"},"inLanguage":"ro-RO","potentialAction":[{"@type":"ReadAction","target":["https:\/\/yawo-services.com\/ro\/transport-feroviar\/"]}]},{"@type":"BreadcrumbList","@id":"https:\/\/yawo-services.com\/ro\/transport-feroviar\/#breadcrumb","itemListElement":[{"@type":"ListItem","position":1,"name":"Prima pagin\u0103","item":"https:\/\/yawo-services.com\/ro\/"},{"@type":"ListItem","position":2,"name":"Transport Feroviar"}]},{"@type":"WebSite","@id":"https:\/\/yawo-services.com\/ro\/#website","url":"https:\/\/yawo-services.com\/ro\/","name":"Yawo Services","description":"Servicii de transport marf\u0103 rapide \u0219i sigure","publisher":{"@id":"https:\/\/yawo-services.com\/ro\/#organization"},"potentialAction":[{"@type":"SearchAction","target":{"@type":"EntryPoint","urlTemplate":"https:\/\/yawo-services.com\/ro\/?s={search_term_string}"},"query-input":{"@type":"PropertyValueSpecification","valueRequired":true,"valueName":"search_term_string"}}],"inLanguage":"ro-RO"},{"@type":"Organization","@id":"https:\/\/yawo-services.com\/ro\/#organization","name":"Yawo Services","url":"https:\/\/yawo-services.com\/ro\/","logo":{"@type":"ImageObject","inLanguage":"ro-RO","@id":"https:\/\/yawo-services.com\/ro\/#\/schema\/logo\/image\/","url":"https:\/\/yawo-services.com\/wp-content\/uploads\/2024\/01\/YWS_Logo_RB_FullColor_FullElements.png","contentUrl":"https:\/\/yawo-services.com\/wp-content\/uploads\/2024\/01\/YWS_Logo_RB_FullColor_FullElements.png","width":1800,"height":2140,"caption":"Yawo Services"},"image":{"@id":"https:\/\/yawo-services.com\/ro\/#\/schema\/logo\/image\/"},"sameAs":["https:\/\/www.facebook.com\/yawoservices?locale=ro_RO","https:\/\/www.linkedin.com\/company\/yawo-services\/"]}]}},"_links":{"self":[{"href":"https:\/\/yawo-services.com\/ro\/wp-json\/wp\/v2\/pages\/974","targetHints":{"allow":["GET"]}}],"collection":[{"href":"https:\/\/yawo-services.com\/ro\/wp-json\/wp\/v2\/pages"}],"about":[{"href":"https:\/\/yawo-services.com\/ro\/wp-json\/wp\/v2\/types\/page"}],"author":[{"embeddable":true,"href":"https:\/\/yawo-services.com\/ro\/wp-json\/wp\/v2\/users\/1"}],"replies":[{"embeddable":true,"href":"https:\/\/yawo-services.com\/ro\/wp-json\/wp\/v2\/comments?post=974"}],"version-history":[{"count":3,"href":"https:\/\/yawo-services.com\/ro\/wp-json\/wp\/v2\/pages\/974\/revisions"}],"predecessor-version":[{"id":982,"href":"https:\/\/yawo-services.com\/ro\/wp-json\/wp\/v2\/pages\/974\/revisions\/982"}],"wp:attachment":[{"href":"https:\/\/yawo-services.com\/ro\/wp-json\/wp\/v2\/media?parent=974"}],"curies":[{"name":"wp","href":"https:\/\/api.w.org\/{rel}","templated":true}]}}